{"id":96,"date":"2021-06-09T08:16:12","date_gmt":"2021-06-09T05:16:12","guid":{"rendered":"https:\/\/shtheme.org\/demosd\/carly\/?page_id=96"},"modified":"2025-08-26T14:58:23","modified_gmt":"2025-08-26T11:58:23","slug":"hizmetler","status":"publish","type":"page","link":"https:\/\/www.scfotomotiv.com\/?page_id=96","title":{"rendered":"Hizmetler"},"content":{"rendered":"\t\t<div data-elementor-type=\"wp-page\" data-elementor-id=\"96\" class=\"elementor elementor-96\">\n\t\t\t\t\t\t<section class=\"elementor-section elementor-top-section elementor-element elementor-element-f9f53e5 elementor-section-full_width elementor-section-height-default elementor-section-height-default\" data-id=\"f9f53e5\" data-element_type=\"section\">\n\t\t\t\t\t\t<div class=\"elementor-container elementor-column-gap-no\">\n\t\t\t\t\t<div class=\"elementor-column elementor-col-100 elementor-top-column elementor-element elementor-element-6c75b0a\" data-id=\"6c75b0a\" data-element_type=\"column\">\n\t\t\t<div class=\"elementor-widget-wrap elementor-element-populated\">\n\t\t\t\t\t\t<div class=\"elementor-element elementor-element-e5c61ce elementor-align-left elementor-widget elementor-widget-bdevs-banner\" data-id=\"e5c61ce\" data-element_type=\"widget\" data-widget_type=\"bdevs-banner.default\">\n\t\t\t\t<div class=\"elementor-widget-container\">\n\t\t\t\t\t<!-- breadcrumb-area-start -->\n        <div class=\"breadcrumb-area pt-230 pb-200\" style=\"background-image:url(http:\/\/www.scfotomotiv.com\/wp-content\/uploads\/2021\/06\/02-2.jpg)\">\n            <div class=\"container\">\n                <div class=\"row\">\n                    <div class=\"col-xl-12\">\n                        <div class=\"breadcrumb-text text-center\">\n                            <h1>Hizmetlerimiz<\/h1>\n                                                    <\/div>\n                    <\/div>\n                <\/div>\n            <\/div>\n        <\/div>\n\t\t\t<\/div>\n\t\t\t\t<\/div>\n\t\t\t\t\t<\/div>\n\t\t<\/div>\n\t\t\t\t\t<\/div>\n\t\t<\/section>\n\t\t\t\t<section class=\"elementor-section elementor-top-section elementor-element elementor-element-e8e4fbc elementor-section-full_width elementor-section-height-default elementor-section-height-default\" data-id=\"e8e4fbc\" data-element_type=\"section\">\n\t\t\t\t\t\t<div class=\"elementor-container elementor-column-gap-no\">\n\t\t\t\t\t<div class=\"elementor-column elementor-col-100 elementor-top-column elementor-element elementor-element-f9c79c8\" data-id=\"f9c79c8\" data-element_type=\"column\">\n\t\t\t<div class=\"elementor-widget-wrap elementor-element-populated\">\n\t\t\t\t\t\t<div class=\"elementor-element elementor-element-a94498e elementor-align-left elementor-widget elementor-widget-bdevs-services-02\" data-id=\"a94498e\" data-element_type=\"widget\" data-widget_type=\"bdevs-services-02.default\">\n\t\t\t\t<div class=\"elementor-widget-container\">\n\t\t\t\t\t<div class=\"our-services-area ser-padding pb-190 grey-bg pt-115\">\r\n            <div class=\"container\">\r\n                <div class=\"row\">\r\n                    <div class=\"col-xl-8 col-lg-8 offset-lg-2 offset-xl-2\">\r\n                        <div class=\"section-title text-center mb-90\">\r\n                                                        <h5><span><\/span> NELER YAPIYORUZ<\/h5>\r\n                                                                                    <h2>Profesyonel Hizmet<\/h2>\r\n                                                    <\/div>\r\n                    <\/div>\r\n                <\/div>\r\n                <div class=\"row\">\r\n                \t \r\n                    <div class=\"col-xl-4 col-lg-4 col-md-6\">\r\n                        <div class=\"our-services-wrapper mb-30\">\r\n                            <div class=\"our-services-img\">\r\n                                <img decoding=\"async\" src=\"http:\/\/www.scfotomotiv.com\/wp-content\/uploads\/2023\/07\/container-ship-global-business-f.jpg\" alt=\"\">\r\n                            <\/div>\r\n                            <div class=\"our-services-text\">\r\n                                <h3><a href=\"https:\/\/www.scfotomotiv.com\/?service=ithalat-ihracat\">\u0130thalat \/ \u0130hracat<\/a><\/h3>\r\n                                <p>\u0130thalat \/ \u0130hracat s\u00fcrecinde tecr\u00fcbe ve profesyonelli\u011fi sizlerle bulu\u015fturuyoruz. <\/p>\r\n                                <div class=\"our-services-button\">\r\n                                    <a href=\"https:\/\/www.scfotomotiv.com\/?service=ithalat-ihracat\"><i class=\"far fa-long-arrow-right\"><\/i> Daha Fazlas\u0131 <\/a>\r\n                                <\/div>\r\n                            <\/div>\r\n                        <\/div>\r\n                    <\/div>\r\n                \t \r\n                    <div class=\"col-xl-4 col-lg-4 col-md-6\">\r\n                        <div class=\"our-services-wrapper mb-30\">\r\n                            <div class=\"our-services-img\">\r\n                                <img decoding=\"async\" src=\"http:\/\/www.scfotomotiv.com\/wp-content\/uploads\/2023\/07\/young-courier-his-colleague-unloading-cardboard-boxes-from-delivery-van-scaled.jpg\" alt=\"\">\r\n                            <\/div>\r\n                            <div class=\"our-services-text\">\r\n                                <h3><a href=\"https:\/\/www.scfotomotiv.com\/?service=lojistik-dagitim\">Yurt D\u0131\u015f\u0131 Lojistik ve Da\u011f\u0131t\u0131m Hizmetleri<\/a><\/h3>\r\n                                <p>Yurt d\u0131\u015f\u0131 lojistik ve da\u011f\u0131t\u0131m ihtiya\u00e7lar\u0131n\u0131z i\u00e7in g\u00fcvenilir \u00e7\u00f6z\u00fcmler sunuyoruz. <\/p>\r\n                                <div class=\"our-services-button\">\r\n                                    <a href=\"https:\/\/www.scfotomotiv.com\/?service=lojistik-dagitim\"><i class=\"far fa-long-arrow-right\"><\/i> Daha Fazlas\u0131 <\/a>\r\n                                <\/div>\r\n                            <\/div>\r\n                        <\/div>\r\n                    <\/div>\r\n                \t \r\n                    <div class=\"col-xl-4 col-lg-4 col-md-6\">\r\n                        <div class=\"our-services-wrapper mb-30\">\r\n                            <div class=\"our-services-img\">\r\n                                <img decoding=\"async\" src=\"http:\/\/www.scfotomotiv.com\/wp-content\/uploads\/2023\/07\/close-up-warehouse-view-scaled.jpg\" alt=\"\">\r\n                            <\/div>\r\n                            <div class=\"our-services-text\">\r\n                                <h3><a href=\"https:\/\/www.scfotomotiv.com\/?service=antrepo\">Antrepo Hizmetleri<\/a><\/h3>\r\n                                <p>Antrepo hizmetleri i\u00e7in deneyimli ekibimiz size en uygun plan\u0131 olu\u015fturup kal\u0131c\u0131 \u00e7\u00f6z\u00fcmler sa\u011flar.\n <\/p>\r\n                                <div class=\"our-services-button\">\r\n                                    <a href=\"https:\/\/www.scfotomotiv.com\/?service=antrepo\"><i class=\"far fa-long-arrow-right\"><\/i> Daha Fazlas\u0131 <\/a>\r\n                                <\/div>\r\n                            <\/div>\r\n                        <\/div>\r\n                    <\/div>\r\n                \t \r\n                    <div class=\"col-xl-4 col-lg-4 col-md-6\">\r\n                        <div class=\"our-services-wrapper mb-30\">\r\n                            <div class=\"our-services-img\">\r\n                                <img decoding=\"async\" src=\"http:\/\/www.scfotomotiv.com\/wp-content\/uploads\/2021\/06\/two-men-handshake-front-car_613910-16930.jpg.webp\" alt=\"\">\r\n                            <\/div>\r\n                            <div class=\"our-services-text\">\r\n                                <h3><a href=\"https:\/\/www.scfotomotiv.com\/?service=arac-alim-satim\">Yurt D\u0131\u015f\u0131 Ara\u00e7 Al\u0131m \/ Sat\u0131m<\/a><\/h3>\r\n                                <p>\u00d6zel sipari\u015fler ve ihtiya\u00e7lara g\u00f6re yurt d\u0131\u015f\u0131 ara\u00e7 al\u0131m ve sat\u0131m taleplerinizde yan\u0131n\u0131zday\u0131z.  <\/p>\r\n                                <div class=\"our-services-button\">\r\n                                    <a href=\"https:\/\/www.scfotomotiv.com\/?service=arac-alim-satim\"><i class=\"far fa-long-arrow-right\"><\/i> Daha Fazlas\u0131 <\/a>\r\n                                <\/div>\r\n                            <\/div>\r\n                        <\/div>\r\n                    <\/div>\r\n                \t \r\n                    <div class=\"col-xl-4 col-lg-4 col-md-6\">\r\n                        <div class=\"our-services-wrapper mb-30\">\r\n                            <div class=\"our-services-img\">\r\n                                <img decoding=\"async\" src=\"https:\/\/shtheme.org\/demosd\/carly\/wp-content\/uploads\/2021\/06\/06-2.jpg\" alt=\"\">\r\n                            <\/div>\r\n                            <div class=\"our-services-text\">\r\n                                <h3><a href=\"https:\/\/www.scfotomotiv.com\/?service=gumruk-depolama\">G\u00fcmr\u00fck ve Depolama Hizmetleri<\/a><\/h3>\r\n                                <p>G\u00fcmr\u00fck ve depolama hizmetlerinde \u00fcr\u00fcnlerin g\u00fcmr\u00fck prosed\u00fcrlerine uygun olarak en h\u0131zl\u0131 \u015fekilde  ve kolayca sonuca ula\u015fmas\u0131n\u0131 sa\u011fl\u0131yoruz. <\/p>\r\n                                <div class=\"our-services-button\">\r\n                                    <a href=\"https:\/\/www.scfotomotiv.com\/?service=gumruk-depolama\"><i class=\"far fa-long-arrow-right\"><\/i> Daha Fazlas\u0131 <\/a>\r\n                                <\/div>\r\n                            <\/div>\r\n                        <\/div>\r\n                    <\/div>\r\n                \t \r\n                    <div class=\"col-xl-4 col-lg-4 col-md-6\">\r\n                        <div class=\"our-services-wrapper mb-30\">\r\n                            <div class=\"our-services-img\">\r\n                                <img decoding=\"async\" src=\"http:\/\/www.scfotomotiv.com\/wp-content\/uploads\/2023\/07\/industrial-building-large-warehouse-interior-with-forklift-palette-with-goods-shelves_342744-1492.jpg.webp\" alt=\"\">\r\n                            <\/div>\r\n                            <div class=\"our-services-text\">\r\n                                <h3><a href=\"https:\/\/www.scfotomotiv.com\/?service=makina-tedarik\">Sanayi Makinalar\u0131 Tedarik Hizmetleri<\/a><\/h3>\r\n                                <p>\u00d6zel sipari\u015f ve ihtiya\u00e7lar do\u011frultusunda  makina tedarik  taleplerinizde yan\u0131n\u0131zday\u0131z. \n <\/p>\r\n                                <div class=\"our-services-button\">\r\n                                    <a href=\"https:\/\/www.scfotomotiv.com\/?service=makina-tedarik\"><i class=\"far fa-long-arrow-right\"><\/i> Daha Fazlas\u0131 <\/a>\r\n                                <\/div>\r\n                            <\/div>\r\n                        <\/div>\r\n                    <\/div>\r\n                \t                <\/div>\r\n            <\/div>\r\n        <\/div>\r\n\t\t\t<\/div>\n\t\t\t\t<\/div>\n\t\t\t\t\t<\/div>\n\t\t<\/div>\n\t\t\t\t\t<\/div>\n\t\t<\/section>\n\t\t\t\t<\/div>\n\t\t","protected":false},"excerpt":{"rendered":"<p>Hizmetlerimiz NELER YAPIYORUZ Profesyonel Hizmet \u0130thalat \/ \u0130hracat \u0130thalat \/ \u0130hracat s\u00fcrecinde tecr\u00fcbe ve profesyonelli\u011fi sizlerle bulu\u015fturuyoruz. Daha Fazlas\u0131 Yurt D\u0131\u015f\u0131 Lojistik ve Da\u011f\u0131t\u0131m Hizmetleri Yurt d\u0131\u015f\u0131 lojistik ve da\u011f\u0131t\u0131m ihtiya\u00e7lar\u0131n\u0131z i\u00e7in g\u00fcvenilir \u00e7\u00f6z\u00fcmler sunuyoruz. Daha Fazlas\u0131 Antrepo Hizmetleri Antrepo hizmetleri i\u00e7in deneyimli ekibimiz size en uygun plan\u0131 olu\u015fturup kal\u0131c\u0131 \u00e7\u00f6z\u00fcmler sa\u011flar. Daha Fazlas\u0131 Yurt [&hellip;]<\/p>\n","protected":false},"author":1,"featured_media":0,"parent":0,"menu_order":0,"comment_status":"closed","ping_status":"closed","template":"page-templates\/home-2.php","meta":{"_monsterinsights_skip_tracking":false,"_monsterinsights_sitenote_active":false,"_monsterinsights_sitenote_note":"","_monsterinsights_sitenote_category":0,"footnotes":""},"class_list":["post-96","page","type-page","status-publish","hentry"],"aioseo_notices":[],"_links":{"self":[{"href":"https:\/\/www.scfotomotiv.com\/index.php?rest_route=\/wp\/v2\/pages\/96","targetHints":{"allow":["GET"]}}],"collection":[{"href":"https:\/\/www.scfotomotiv.com\/index.php?rest_route=\/wp\/v2\/pages"}],"about":[{"href":"https:\/\/www.scfotomotiv.com\/index.php?rest_route=\/wp\/v2\/types\/page"}],"author":[{"embeddable":true,"href":"https:\/\/www.scfotomotiv.com\/index.php?rest_route=\/wp\/v2\/users\/1"}],"replies":[{"embeddable":true,"href":"https:\/\/www.scfotomotiv.com\/index.php?rest_route=%2Fwp%2Fv2%2Fcomments&post=96"}],"version-history":[{"count":49,"href":"https:\/\/www.scfotomotiv.com\/index.php?rest_route=\/wp\/v2\/pages\/96\/revisions"}],"predecessor-version":[{"id":1403,"href":"https:\/\/www.scfotomotiv.com\/index.php?rest_route=\/wp\/v2\/pages\/96\/revisions\/1403"}],"wp:attachment":[{"href":"https:\/\/www.scfotomotiv.com\/index.php?rest_route=%2Fwp%2Fv2%2Fmedia&parent=96"}],"curies":[{"name":"wp","href":"https:\/\/api.w.org\/{rel}","templated":true}]}}