{"id":73,"date":"2021-06-09T08:05:24","date_gmt":"2021-06-09T05:05:24","guid":{"rendered":"https:\/\/shtheme.org\/demosd\/carly\/?page_id=73"},"modified":"2023-07-08T07:56:57","modified_gmt":"2023-07-08T04:56:57","slug":"iletisim","status":"publish","type":"page","link":"https:\/\/www.scfotomotiv.com\/?page_id=73","title":{"rendered":"\u0130leti\u015fim"},"content":{"rendered":"\t\t<div data-elementor-type=\"wp-page\" data-elementor-id=\"73\" class=\"elementor elementor-73\">\n\t\t\t\t\t\t<section class=\"elementor-section elementor-top-section elementor-element elementor-element-08ee1c2 elementor-section-full_width elementor-section-height-default elementor-section-height-default\" data-id=\"08ee1c2\" data-element_type=\"section\">\n\t\t\t\t\t\t<div class=\"elementor-container elementor-column-gap-no\">\n\t\t\t\t\t<div class=\"elementor-column elementor-col-100 elementor-top-column elementor-element elementor-element-76a6e02\" data-id=\"76a6e02\" data-element_type=\"column\">\n\t\t\t<div class=\"elementor-widget-wrap elementor-element-populated\">\n\t\t\t\t\t\t<div class=\"elementor-element elementor-element-20cec8b elementor-align-left elementor-widget elementor-widget-bdevs-banner\" data-id=\"20cec8b\" data-element_type=\"widget\" data-widget_type=\"bdevs-banner.default\">\n\t\t\t\t<div class=\"elementor-widget-container\">\n\t\t\t\t\t<!-- breadcrumb-area-start -->\n        <div class=\"breadcrumb-area pt-230 pb-200\" style=\"background-image:url(http:\/\/www.scfotomotiv.com\/wp-content\/uploads\/2021\/06\/test.jpg)\">\n            <div class=\"container\">\n                <div class=\"row\">\n                    <div class=\"col-xl-12\">\n                        <div class=\"breadcrumb-text text-center\">\n                            <h1>\u0130leti\u015fim<\/h1>\n                                                    <\/div>\n                    <\/div>\n                <\/div>\n            <\/div>\n        <\/div>\n\t\t\t<\/div>\n\t\t\t\t<\/div>\n\t\t\t\t\t<\/div>\n\t\t<\/div>\n\t\t\t\t\t<\/div>\n\t\t<\/section>\n\t\t\t\t<section class=\"elementor-section elementor-top-section elementor-element elementor-element-d089b36 elementor-section-full_width elementor-section-height-default elementor-section-height-default\" data-id=\"d089b36\" data-element_type=\"section\">\n\t\t\t\t\t\t<div class=\"elementor-container elementor-column-gap-no\">\n\t\t\t\t\t<div class=\"elementor-column elementor-col-100 elementor-top-column elementor-element elementor-element-02d76fa\" data-id=\"02d76fa\" data-element_type=\"column\">\n\t\t\t<div class=\"elementor-widget-wrap elementor-element-populated\">\n\t\t\t\t\t\t<div class=\"elementor-element elementor-element-96a0e08 elementor-align-left elementor-widget elementor-widget-bdevs-contact\" data-id=\"96a0e08\" data-element_type=\"widget\" data-widget_type=\"bdevs-contact.default\">\n\t\t\t\t<div class=\"elementor-widget-container\">\n\t\t\t\t\t<section class=\"contact-area pt-120 pb-90\">\r\n            <div class=\"container\">\r\n                <div class=\"row\">\r\n                \t \r\n                    <div class=\"col-xl-4 col-lg-4 col-md-6\">\r\n                        <div class=\"contacts-wrapper text-center mb-30\">\r\n                            <div class=\"contactss-icon\">\r\n                                <i class=\"far fa-phone-volume\"><\/i>\r\n                            <\/div>\r\n                            <div class=\"contacts-text\">\r\n                                <h4>Bizi Aray\u0131n<\/h4>\r\n                                <p>+90 538 812 85 27<\/p><p>+90 532 796 76 71<\/p>                            <\/div>\r\n                        <\/div>\r\n                    <\/div>\r\n                \t \r\n                    <div class=\"col-xl-4 col-lg-4 col-md-6\">\r\n                        <div class=\"contacts-wrapper text-center mb-30\">\r\n                            <div class=\"contactss-icon\">\r\n                                <i class=\"far fa-map-marker-alt\"><\/i>\r\n                            <\/div>\r\n                            <div class=\"contacts-text\">\r\n                                <h4>Bizi Ziyaret Edin<\/h4>\r\n                                <p>\u00c7OBAN\u00c7E\u015eME MAH. SANAY\u0130 CAD.<\/p><p>NISH RESIDENCE D BLOK NO: 44 D \/ 24<\/p><p>BAH\u00c7EL\u0130EVLER \/ \u0130STANBUL<\/p>                            <\/div>\r\n                        <\/div>\r\n                    <\/div>\r\n                \t \r\n                    <div class=\"col-xl-4 col-lg-4 col-md-6\">\r\n                        <div class=\"contacts-wrapper text-center mb-30\">\r\n                            <div class=\"contactss-icon\">\r\n                                <i class=\"far fa-at\"><\/i>\r\n                            <\/div>\r\n                            <div class=\"contacts-text\">\r\n                                <h4>Bize Yaz\u0131n<\/h4>\r\n                                <p>info@scfotomotiv.com<\/p>                            <\/div>\r\n                        <\/div>\r\n                    <\/div>\r\n                \t                <\/div>\r\n            <\/div>\r\n        <\/section>\r\n\t\t\t<\/div>\n\t\t\t\t<\/div>\n\t\t\t\t\t<\/div>\n\t\t<\/div>\n\t\t\t\t\t<\/div>\n\t\t<\/section>\n\t\t\t\t<section class=\"elementor-section elementor-top-section elementor-element elementor-element-255608c elementor-section-full_width elementor-section-height-default elementor-section-height-default\" data-id=\"255608c\" data-element_type=\"section\">\n\t\t\t\t\t\t<div class=\"elementor-container elementor-column-gap-no\">\n\t\t\t\t\t<div class=\"elementor-column elementor-col-100 elementor-top-column elementor-element elementor-element-9efc015\" data-id=\"9efc015\" data-element_type=\"column\">\n\t\t\t<div class=\"elementor-widget-wrap elementor-element-populated\">\n\t\t\t\t\t\t<div class=\"elementor-element elementor-element-d8af2cc elementor-widget elementor-widget-google_maps\" data-id=\"d8af2cc\" data-element_type=\"widget\" data-widget_type=\"google_maps.default\">\n\t\t\t\t<div class=\"elementor-widget-container\">\n\t\t\t\t\t<div class=\"elementor-custom-embed\">\n\t\t\t<iframe loading=\"lazy\"\n\t\t\t\t\tsrc=\"https:\/\/maps.google.com\/maps?q=%C3%87oban%C3%A7e%C5%9Fme%20Mah.%20Sanayi%20Cad.%20No%3B%2044%20Nish%20%C4%B0stanbul%20Rezidans%20D%20Blok%20D%3A24%20Bah%C3%A7elievler%20-&#038;t=m&#038;z=12&#038;output=embed&#038;iwloc=near\"\n\t\t\t\t\ttitle=\"\u00c7oban\u00e7e\u015fme Mah. Sanayi Cad. No; 44 Nish \u0130stanbul Rezidans D Blok D:24 Bah\u00e7elievler -\"\n\t\t\t\t\taria-label=\"\u00c7oban\u00e7e\u015fme Mah. Sanayi Cad. No; 44 Nish \u0130stanbul Rezidans D Blok D:24 Bah\u00e7elievler -\"\n\t\t\t><\/iframe>\n\t\t<\/div>\n\t\t\t\t<\/div>\n\t\t\t\t<\/div>\n\t\t\t\t\t<\/div>\n\t\t<\/div>\n\t\t\t\t\t<\/div>\n\t\t<\/section>\n\t\t\t\t<\/div>\n\t\t","protected":false},"excerpt":{"rendered":"<p>\u0130leti\u015fim Bizi Aray\u0131n +90 538 812 85 27+90 532 796 76 71 Bizi Ziyaret Edin \u00c7OBAN\u00c7E\u015eME MAH. SANAY\u0130 CAD.NISH RESIDENCE D BLOK NO: 44 D \/ 24BAH\u00c7EL\u0130EVLER \/ \u0130STANBUL Bize Yaz\u0131n info@scfotomotiv.com<\/p>\n","protected":false},"author":1,"featured_media":0,"parent":0,"menu_order":0,"comment_status":"closed","ping_status":"closed","template":"page-templates\/home-2.php","meta":{"_monsterinsights_skip_tracking":false,"_monsterinsights_sitenote_active":false,"_monsterinsights_sitenote_note":"","_monsterinsights_sitenote_category":0,"footnotes":""},"class_list":["post-73","page","type-page","status-publish","hentry"],"aioseo_notices":[],"_links":{"self":[{"href":"https:\/\/www.scfotomotiv.com\/index.php?rest_route=\/wp\/v2\/pages\/73","targetHints":{"allow":["GET"]}}],"collection":[{"href":"https:\/\/www.scfotomotiv.com\/index.php?rest_route=\/wp\/v2\/pages"}],"about":[{"href":"https:\/\/www.scfotomotiv.com\/index.php?rest_route=\/wp\/v2\/types\/page"}],"author":[{"embeddable":true,"href":"https:\/\/www.scfotomotiv.com\/index.php?rest_route=\/wp\/v2\/users\/1"}],"replies":[{"embeddable":true,"href":"https:\/\/www.scfotomotiv.com\/index.php?rest_route=%2Fwp%2Fv2%2Fcomments&post=73"}],"version-history":[{"count":14,"href":"https:\/\/www.scfotomotiv.com\/index.php?rest_route=\/wp\/v2\/pages\/73\/revisions"}],"predecessor-version":[{"id":783,"href":"https:\/\/www.scfotomotiv.com\/index.php?rest_route=\/wp\/v2\/pages\/73\/revisions\/783"}],"wp:attachment":[{"href":"https:\/\/www.scfotomotiv.com\/index.php?rest_route=%2Fwp%2Fv2%2Fmedia&parent=73"}],"curies":[{"name":"wp","href":"https:\/\/api.w.org\/{rel}","templated":true}]}}