{"id":67,"date":"2021-06-09T08:00:21","date_gmt":"2021-06-09T05:00:21","guid":{"rendered":"https:\/\/shtheme.org\/demosd\/carly\/?page_id=67"},"modified":"2026-04-21T21:29:53","modified_gmt":"2026-04-21T18:29:53","slug":"hakkimizda","status":"publish","type":"page","link":"https:\/\/www.scfotomotiv.com\/?page_id=67","title":{"rendered":"Hakk\u0131m\u0131zda"},"content":{"rendered":"\t\t<div data-elementor-type=\"wp-page\" data-elementor-id=\"67\" class=\"elementor elementor-67\">\n\t\t\t\t\t\t<section class=\"elementor-section elementor-top-section elementor-element elementor-element-22bab0b elementor-section-full_width elementor-section-height-default elementor-section-height-default\" data-id=\"22bab0b\" data-element_type=\"section\">\n\t\t\t\t\t\t<div class=\"elementor-container elementor-column-gap-no\">\n\t\t\t\t\t<div class=\"elementor-column elementor-col-100 elementor-top-column elementor-element elementor-element-c6ef1d5\" data-id=\"c6ef1d5\" data-element_type=\"column\">\n\t\t\t<div class=\"elementor-widget-wrap elementor-element-populated\">\n\t\t\t\t\t\t<div class=\"elementor-element elementor-element-f6a5402 elementor-align-left elementor-widget elementor-widget-bdevs-banner\" data-id=\"f6a5402\" data-element_type=\"widget\" data-widget_type=\"bdevs-banner.default\">\n\t\t\t\t<div class=\"elementor-widget-container\">\n\t\t\t\t\t<!-- breadcrumb-area-start -->\n        <div class=\"breadcrumb-area pt-230 pb-200\" style=\"background-image:url(http:\/\/www.scfotomotiv.com\/wp-content\/uploads\/2021\/06\/contact.jpg)\">\n            <div class=\"container\">\n                <div class=\"row\">\n                    <div class=\"col-xl-12\">\n                        <div class=\"breadcrumb-text text-center\">\n                            <h1>Hakk\u0131m\u0131zda<\/h1>\n                                                    <\/div>\n                    <\/div>\n                <\/div>\n            <\/div>\n        <\/div>\n\t\t\t<\/div>\n\t\t\t\t<\/div>\n\t\t\t\t\t<\/div>\n\t\t<\/div>\n\t\t\t\t\t<\/div>\n\t\t<\/section>\n\t\t\t\t<section class=\"elementor-section elementor-top-section elementor-element elementor-element-591fb4f elementor-section-full_width elementor-section-height-default elementor-section-height-default\" data-id=\"591fb4f\" data-element_type=\"section\">\n\t\t\t\t\t\t<div class=\"elementor-container elementor-column-gap-no\">\n\t\t\t\t\t<div class=\"elementor-column elementor-col-100 elementor-top-column elementor-element elementor-element-07584bd\" data-id=\"07584bd\" data-element_type=\"column\">\n\t\t\t<div class=\"elementor-widget-wrap elementor-element-populated\">\n\t\t\t\t\t\t<div class=\"elementor-element elementor-element-3be7180 elementor-align-left elementor-widget elementor-widget-bdevs-about\" data-id=\"3be7180\" data-element_type=\"widget\" data-widget_type=\"bdevs-about.default\">\n\t\t\t\t<div class=\"elementor-widget-container\">\n\t\t\t\t\t\t\t<div class=\"about-us-area pos-rel grey-bg pb-210 pt-120\">\r\n            <div class=\"container\">\r\n                <div class=\"row\">\r\n                    <div class=\"col-xl-6 col-lg-6\">\r\n                        <div class=\"about-us-img pos-rel mb-30\">\r\n                            <div class=\"ab-image fix\">\r\n                                <img decoding=\"async\" src=\"http:\/\/www.scfotomotiv.com\/wp-content\/uploads\/2023\/07\/group-people-working-out-business-plan-office-scaled.jpg\" alt=\"\">\r\n                            <\/div>\r\n                                                        <div class=\"about-info\">\r\n                                <h2>20+<\/h2><h5>y\u0131ll\u0131k<br \/>deneyim<\/h5>                            <\/div>\r\n                        \t                        <\/div>\r\n                    <\/div>\r\n                    <div class=\"col-xl-6 col-lg-6\">\r\n                        <div class=\"about-us-wrapper mb-30\">\r\n                            <div class=\"section-title mb-45\">\r\n                            \t                                <h5><span><\/span> Biz Kimiz<\/h5>\r\n                                                                                                <h2>G\u00fcvenilir \u00c7\u00f6z\u00fcm Orta\u011f\u0131n\u0131z<\/h2>\r\n                                                            <\/div>\r\n                            <p>SCF Otomotiv olarak 20 y\u0131l\u0131 a\u015fk\u0131n d\u0131\u015f ticaret tecr\u00fcbemizl, uluslararas\u0131 ticaret alan\u0131nda olu\u015fturmu\u015f oldu\u011fumuz g\u00fc\u00e7l\u00fc alt yap\u0131 ile farkl\u0131 ihtiya\u00e7 ve gereksinimlere en \u00fcst d\u00fczeyde cevap vermekteyiz.\u00a0<\/p><p>G\u00fc\u00e7l\u00fc yurtd\u0131\u015f\u0131 portf\u00f6y\u00fcm\u00fcz ile \u0130thalat ve ihracat, kara, deniz ve havayolu ta\u015f\u0131mac\u0131l\u0131\u011f\u0131 vb. gibi bir \u00e7ok faaliyet alanlar\u0131nda hi\u00e7bir i\u015f orta\u011f\u0131m\u0131z\u0131 zor durumda b\u0131rakmadan, hizmet kalitemizi kontrol\u00fcm\u00fcz\u00fc ve denetimlerimizi kaybetmeden faaliyetlerimizi s\u00fcrd\u00fcrmeye her ge\u00e7en g\u00fcn daha da b\u00fcy\u00fcyerek devam etmekteyiz.<\/p><p>G\u00fcmr\u00fckleme hizmetinden yurtd\u0131\u015f\u0131 lojistik hizmetlerine, transit depo hizmetinden yurtd\u0131\u015f\u0131 ara\u00e7 al\u0131m ve sat\u0131m hizmetlerine kadar bir\u00e7ok alanda g\u00fcvenilir \u00e7\u00f6z\u00fcm orta\u011f\u0131n\u0131z olarak hizmetlerimizi s\u00fcrd\u00fcr\u00fcyoruz.<\/p>                            <div class=\"about-button d-md-flex\">\r\n                            \t                                <a class=\"c-btn\" href=\"https:\/\/www.scfotomotiv.com\/?page_id=73\">B\u0130Z\u0130MLE \u0130LET\u0130\u015e\u0130ME GE\u00c7\u0130N  <i class=\"far fa-long-arrow-right\"><\/i><\/a>\r\n                                                                                                <div class=\"about-cta\">\r\n                                                                    <\/div>\r\n                                                            <\/div>\r\n                            \r\n                        <\/div>\r\n                    <\/div>\r\n                <\/div>\r\n            <\/div>\r\n        <\/div>\r\n        \t\t\t<\/div>\n\t\t\t\t<\/div>\n\t\t\t\t\t<\/div>\n\t\t<\/div>\n\t\t\t\t\t<\/div>\n\t\t<\/section>\n\t\t\t\t<section class=\"elementor-section elementor-top-section elementor-element elementor-element-ed3764e elementor-section-full_width elementor-section-height-default elementor-section-height-default\" data-id=\"ed3764e\" data-element_type=\"section\">\n\t\t\t\t\t\t\t<div class=\"elementor-background-overlay\"><\/div>\n\t\t\t\t\t\t\t<div class=\"elementor-container elementor-column-gap-no\">\n\t\t\t\t\t<div class=\"elementor-column elementor-col-100 elementor-top-column elementor-element elementor-element-f105f55\" data-id=\"f105f55\" data-element_type=\"column\">\n\t\t\t<div class=\"elementor-widget-wrap elementor-element-populated\">\n\t\t\t\t\t\t<div class=\"elementor-element elementor-element-21747a8 elementor-align-left elementor-widget elementor-widget-bdevs-services-01\" data-id=\"21747a8\" data-element_type=\"widget\" data-widget_type=\"bdevs-services-01.default\">\n\t\t\t\t<div class=\"elementor-widget-container\">\n\t\t\t\t\t<div class=\"service-area ser-pt pb-90\" style=\"background-image: url(https:\/\/shtheme.org\/demosd\/carly\/wp-content\/uploads\/2021\/06\/sbg.jpg);\">\r\n            <div class=\"container\">\r\n                <div class=\"row\">\r\n                    <div class=\"col-xl-6 col-lg-6 offset-lg-3 offset-xl-3\">\r\n                        <div class=\"section-title white-title text-center mb-90\">\r\n                                                        <h5><span><\/span> Sizin i\u00e7in<\/h5>\r\n                        \t                                                        <h2>Neler Yap\u0131yoruz<\/h2>\r\n                                                    <\/div>\r\n                    <\/div>\r\n                <\/div>\r\n                <div class=\"row\">\r\n                \t \r\n\t\t\t\t\t                    <div class=\"col-xl-3 col-lg-3 col-md-6\">\r\n                    \t\r\n                        <div class=\"service-box mb-30 text-center\">\r\n                        \t<a href=\"https:\/\/www.scfotomotiv.com\/?service=ithalat-ihracat\">\r\n\t                            <div class=\"services-icon\">\r\n\t                                <i class=\"flaticon-026-growth\"><\/i>\r\n\t                            <\/div>\r\n\t                            <div class=\"services-text\">\r\n\t                                <h4>\u0130thalat \/ \u0130hracat<\/h4>\r\n\t                                <p> <\/p>\r\n\t                            <\/div>\r\n                        \t<\/a>\r\n                        <\/div>\r\n                       \r\n                    <\/div>\r\n                    \t            \t \r\n\t\t\t\t\t                    <div class=\"col-xl-3 col-lg-3 col-md-6\">\r\n                    \t\r\n                        <div class=\"service-box active mb-30 text-center\">\r\n                        \t<a href=\"https:\/\/www.scfotomotiv.com\/?service=antrepo\">\r\n\t                            <div class=\"services-icon\">\r\n\t                                <i class=\"flaticon-031-increase\"><\/i>\r\n\t                            <\/div>\r\n\t                            <div class=\"services-text\">\r\n\t                                <h4>Antrepo Hizmetleri<\/h4>\r\n\t                                <p> <\/p>\r\n\t                            <\/div>\r\n\t                        <\/a>\r\n                        <\/div>\r\n                        \r\n                    <\/div>\r\n                \t\t            \t \r\n\t\t\t\t\t                    <div class=\"col-xl-3 col-lg-3 col-md-6\">\r\n                    \t\r\n                        <div class=\"service-box mb-30 text-center\">\r\n                        \t<a href=\"https:\/\/www.scfotomotiv.com\/?service=gumruk-depolama\">\r\n\t                            <div class=\"services-icon\">\r\n\t                                <i class=\"flaticon-030-target-1\"><\/i>\r\n\t                            <\/div>\r\n\t                            <div class=\"services-text\">\r\n\t                                <h4>G\u00fcmr\u00fck ve Depolama Hizmetleri<\/h4>\r\n\t                                <p> <\/p>\r\n\t                            <\/div>\r\n                        \t<\/a>\r\n                        <\/div>\r\n                       \r\n                    <\/div>\r\n                    \t            \t \r\n\t\t\t\t\t                    <div class=\"col-xl-3 col-lg-3 col-md-6\">\r\n                    \t\r\n                        <div class=\"service-box mb-30 text-center\">\r\n                        \t<a href=\"https:\/\/www.scfotomotiv.com\/?service=lojistik-dagitim\">\r\n\t                            <div class=\"services-icon\">\r\n\t                                <i class=\"flaticon-031-increase\"><\/i>\r\n\t                            <\/div>\r\n\t                            <div class=\"services-text\">\r\n\t                                <h4>Yurtd\u0131\u015f\u0131 Lojistik ve Da\u011f\u0131t\u0131m Hizmetleri<\/h4>\r\n\t                                <p> <\/p>\r\n\t                            <\/div>\r\n                        \t<\/a>\r\n                        <\/div>\r\n                       \r\n                    <\/div>\r\n                    \t            \t \r\n\t\t\t\t\t                    <div class=\"col-xl-3 col-lg-3 col-md-6\">\r\n                    \t\r\n                        <div class=\"service-box mb-30 text-center\">\r\n                        \t<a href=\"https:\/\/www.scfotomotiv.com\/?page_id=508\">\r\n\t                            <div class=\"services-icon\">\r\n\t                                <i class=\"flaticon-030-target-1\"><\/i>\r\n\t                            <\/div>\r\n\t                            <div class=\"services-text\">\r\n\t                                <h4>Oto Par\u00e7alar\u0131 \/ Ya\u011flar\u0131 ve Kimyasallar<\/h4>\r\n\t                                <p> <\/p>\r\n\t                            <\/div>\r\n                        \t<\/a>\r\n                        <\/div>\r\n                       \r\n                    <\/div>\r\n                    \t            \t \r\n\t\t\t\t\t                    <div class=\"col-xl-3 col-lg-3 col-md-6\">\r\n                    \t\r\n                        <div class=\"service-box mb-30 text-center\">\r\n                        \t<a href=\"https:\/\/www.scfotomotiv.com\/?service=makina-tedarik\">\r\n\t                            <div class=\"services-icon\">\r\n\t                                <i class=\"flaticon-030-target-1\"><\/i>\r\n\t                            <\/div>\r\n\t                            <div class=\"services-text\">\r\n\t                                <h4>Sanayi Makinalar\u0131 Tedarik Hizmetleri<\/h4>\r\n\t                                <p> <\/p>\r\n\t                            <\/div>\r\n                        \t<\/a>\r\n                        <\/div>\r\n                       \r\n                    <\/div>\r\n                    \t            \t \r\n\t\t\t\t\t                    <div class=\"col-xl-3 col-lg-3 col-md-6\">\r\n                    \t\r\n                        <div class=\"service-box mb-30 text-center\">\r\n                        \t<a href=\"https:\/\/www.scfotomotiv.com\/?service=arac-alim-satim\">\r\n\t                            <div class=\"services-icon\">\r\n\t                                <i class=\"flaticon-030-target-1\"><\/i>\r\n\t                            <\/div>\r\n\t                            <div class=\"services-text\">\r\n\t                                <h4>Yurtd\u0131\u015f\u0131 Ara\u00e7 Al\u0131m - Sat\u0131m<\/h4>\r\n\t                                <p> <\/p>\r\n\t                            <\/div>\r\n                        \t<\/a>\r\n                        <\/div>\r\n                       \r\n                    <\/div>\r\n                    \t            \t                <\/div>\r\n            <\/div>\r\n        <\/div>\r\n\t\t\t<\/div>\n\t\t\t\t<\/div>\n\t\t\t\t\t<\/div>\n\t\t<\/div>\n\t\t\t\t\t<\/div>\n\t\t<\/section>\n\t\t\t\t<\/div>\n\t\t","protected":false},"excerpt":{"rendered":"<p>Hakk\u0131m\u0131zda 20+y\u0131ll\u0131kdeneyim Biz Kimiz G\u00fcvenilir \u00c7\u00f6z\u00fcm Orta\u011f\u0131n\u0131z SCF Otomotiv olarak 20 y\u0131l\u0131 a\u015fk\u0131n d\u0131\u015f ticaret tecr\u00fcbemizl, uluslararas\u0131 ticaret alan\u0131nda olu\u015fturmu\u015f oldu\u011fumuz g\u00fc\u00e7l\u00fc alt yap\u0131 ile farkl\u0131 ihtiya\u00e7 ve gereksinimlere en \u00fcst d\u00fczeyde cevap vermekteyiz.\u00a0G\u00fc\u00e7l\u00fc yurtd\u0131\u015f\u0131 portf\u00f6y\u00fcm\u00fcz ile \u0130thalat ve ihracat, kara, deniz ve havayolu ta\u015f\u0131mac\u0131l\u0131\u011f\u0131 vb. gibi bir \u00e7ok faaliyet alanlar\u0131nda hi\u00e7bir i\u015f orta\u011f\u0131m\u0131z\u0131 zor [&hellip;]<\/p>\n","protected":false},"author":1,"featured_media":0,"parent":0,"menu_order":0,"comment_status":"closed","ping_status":"closed","template":"page-templates\/home-2.php","meta":{"_monsterinsights_skip_tracking":false,"_monsterinsights_sitenote_active":false,"_monsterinsights_sitenote_note":"","_monsterinsights_sitenote_category":0,"footnotes":""},"class_list":["post-67","page","type-page","status-publish","hentry"],"aioseo_notices":[],"_links":{"self":[{"href":"https:\/\/www.scfotomotiv.com\/index.php?rest_route=\/wp\/v2\/pages\/67","targetHints":{"allow":["GET"]}}],"collection":[{"href":"https:\/\/www.scfotomotiv.com\/index.php?rest_route=\/wp\/v2\/pages"}],"about":[{"href":"https:\/\/www.scfotomotiv.com\/index.php?rest_route=\/wp\/v2\/types\/page"}],"author":[{"embeddable":true,"href":"https:\/\/www.scfotomotiv.com\/index.php?rest_route=\/wp\/v2\/users\/1"}],"replies":[{"embeddable":true,"href":"https:\/\/www.scfotomotiv.com\/index.php?rest_route=%2Fwp%2Fv2%2Fcomments&post=67"}],"version-history":[{"count":46,"href":"https:\/\/www.scfotomotiv.com\/index.php?rest_route=\/wp\/v2\/pages\/67\/revisions"}],"predecessor-version":[{"id":1437,"href":"https:\/\/www.scfotomotiv.com\/index.php?rest_route=\/wp\/v2\/pages\/67\/revisions\/1437"}],"wp:attachment":[{"href":"https:\/\/www.scfotomotiv.com\/index.php?rest_route=%2Fwp%2Fv2%2Fmedia&parent=67"}],"curies":[{"name":"wp","href":"https:\/\/api.w.org\/{rel}","templated":true}]}}