{"id":508,"date":"2023-07-04T14:42:30","date_gmt":"2023-07-04T11:42:30","guid":{"rendered":"http:\/\/www.scfotomotiv.com\/?page_id=508"},"modified":"2024-04-06T19:56:05","modified_gmt":"2024-04-06T16:56:05","slug":"urunler","status":"publish","type":"page","link":"https:\/\/www.scfotomotiv.com\/?page_id=508","title":{"rendered":"\u00dcr\u00fcnler"},"content":{"rendered":"\t\t<div data-elementor-type=\"wp-page\" data-elementor-id=\"508\" class=\"elementor elementor-508\">\n\t\t\t\t\t\t<section class=\"elementor-section elementor-top-section elementor-element elementor-element-f9f53e5 elementor-section-full_width elementor-section-height-default elementor-section-height-default\" data-id=\"f9f53e5\" data-element_type=\"section\">\n\t\t\t\t\t\t<div class=\"elementor-container elementor-column-gap-no\">\n\t\t\t\t\t<div class=\"elementor-column elementor-col-100 elementor-top-column elementor-element elementor-element-6c75b0a\" data-id=\"6c75b0a\" data-element_type=\"column\">\n\t\t\t<div class=\"elementor-widget-wrap elementor-element-populated\">\n\t\t\t\t\t\t<div class=\"elementor-element elementor-element-e5c61ce elementor-align-left elementor-widget elementor-widget-bdevs-banner\" data-id=\"e5c61ce\" data-element_type=\"widget\" data-widget_type=\"bdevs-banner.default\">\n\t\t\t\t<div class=\"elementor-widget-container\">\n\t\t\t\t\t<!-- breadcrumb-area-start -->\n        <div class=\"breadcrumb-area pt-230 pb-200\" style=\"background-image:url(https:\/\/shtheme.org\/demosd\/carly\/wp-content\/uploads\/2021\/06\/02-2.jpg)\">\n            <div class=\"container\">\n                <div class=\"row\">\n                    <div class=\"col-xl-12\">\n                        <div class=\"breadcrumb-text text-center\">\n                            <h1>\u00dcr\u00fcnlerimiz<\/h1>\n                                                        <ul class=\"breadcrumb-menu\">\n                                <li><a href=\"https:\/\/www.scfotomotiv.com\/\">Home<\/a><\/li>\n                                <li><span>Services<\/span><\/li>\n                            <\/ul>\n                        \t                        <\/div>\n                    <\/div>\n                <\/div>\n            <\/div>\n        <\/div>\n\t\t\t<\/div>\n\t\t\t\t<\/div>\n\t\t\t\t\t<\/div>\n\t\t<\/div>\n\t\t\t\t\t<\/div>\n\t\t<\/section>\n\t\t\t\t<section class=\"elementor-section elementor-top-section elementor-element elementor-element-e8e4fbc elementor-section-full_width elementor-section-height-default elementor-section-height-default\" data-id=\"e8e4fbc\" data-element_type=\"section\">\n\t\t\t\t\t\t<div class=\"elementor-container elementor-column-gap-no\">\n\t\t\t\t\t<div class=\"elementor-column elementor-col-100 elementor-top-column elementor-element elementor-element-f9c79c8\" data-id=\"f9c79c8\" data-element_type=\"column\">\n\t\t\t<div class=\"elementor-widget-wrap elementor-element-populated\">\n\t\t\t\t\t\t<div class=\"elementor-element elementor-element-a94498e elementor-align-left elementor-widget elementor-widget-bdevs-services-02\" data-id=\"a94498e\" data-element_type=\"widget\" data-widget_type=\"bdevs-services-02.default\">\n\t\t\t\t<div class=\"elementor-widget-container\">\n\t\t\t\t\t<div class=\"our-services-area ser-padding pb-190 grey-bg pt-115\">\r\n            <div class=\"container\">\r\n                <div class=\"row\">\r\n                    <div class=\"col-xl-8 col-lg-8 offset-lg-2 offset-xl-2\">\r\n                        <div class=\"section-title text-center mb-90\">\r\n                                                        <h5><span><\/span> Neler Yap\u0131yoruz<\/h5>\r\n                                                                                    <h2>Toptan \u00dcr\u00fcnlerin Tedarik Hizmetleri<\/h2>\r\n                                                    <\/div>\r\n                    <\/div>\r\n                <\/div>\r\n                <div class=\"row\">\r\n                \t \r\n                    <div class=\"col-xl-4 col-lg-4 col-md-6\">\r\n                        <div class=\"our-services-wrapper mb-30\">\r\n                            <div class=\"our-services-img\">\r\n                                <img decoding=\"async\" src=\"http:\/\/www.scfotomotiv.com\/wp-content\/uploads\/2023\/07\/Screenshot_1aaa.jpg\" alt=\"\">\r\n                            <\/div>\r\n                            <div class=\"our-services-text\">\r\n                                <h3><a href=\"https:\/\/www.scfotomotiv.com\/?service=otomobil-parcalari\">Otomobil Par\u00e7alar\u0131<\/a><\/h3>\r\n                                <p>Otomobil Par\u00e7alar\u0131 toptan talepleriniz i\u00e7in tedarik sa\u011fl\u0131yoruz. <\/p>\r\n                                <div class=\"our-services-button\">\r\n                                    <a href=\"https:\/\/www.scfotomotiv.com\/?service=otomobil-parcalari\"><i class=\"far fa-long-arrow-right\"><\/i> Daha Fazlas\u0131 <\/a>\r\n                                <\/div>\r\n                            <\/div>\r\n                        <\/div>\r\n                    <\/div>\r\n                \t \r\n                    <div class=\"col-xl-4 col-lg-4 col-md-6\">\r\n                        <div class=\"our-services-wrapper mb-30\">\r\n                            <div class=\"our-services-img\">\r\n                                <img decoding=\"async\" src=\"http:\/\/www.scfotomotiv.com\/wp-content\/uploads\/2023\/07\/mechanic-changing-engine-oil-car-vehicle_342744-260.jpg.webp\" alt=\"\">\r\n                            <\/div>\r\n                            <div class=\"our-services-text\">\r\n                                <h3><a href=\"https:\/\/www.scfotomotiv.com\/?service=otomobil-yaglari\">Otomobil Ya\u011flar\u0131<\/a><\/h3>\r\n                                <p>Otomobil ya\u011flar\u0131 toptan talepleriniz i\u00e7in tedarik sa\u011fl\u0131yoruz. <\/p>\r\n                                <div class=\"our-services-button\">\r\n                                    <a href=\"https:\/\/www.scfotomotiv.com\/?service=otomobil-yaglari\"><i class=\"far fa-long-arrow-right\"><\/i> Daha Fazlas\u0131 <\/a>\r\n                                <\/div>\r\n                            <\/div>\r\n                        <\/div>\r\n                    <\/div>\r\n                \t \r\n                    <div class=\"col-xl-4 col-lg-4 col-md-6\">\r\n                        <div class=\"our-services-wrapper mb-30\">\r\n                            <div class=\"our-services-img\">\r\n                                <img decoding=\"async\" src=\"http:\/\/www.scfotomotiv.com\/wp-content\/uploads\/2023\/07\/male-painter-dressed-hazmat-suit-inside-car-shop_23-2149750026.jpg.webp\" alt=\"\">\r\n                            <\/div>\r\n                            <div class=\"our-services-text\">\r\n                                <h3><a href=\"https:\/\/www.scfotomotiv.com\/?service=sanayi-kimyasallari\">Sanayi Kimyasallar\u0131<\/a><\/h3>\r\n                                <p>Sanayi Kimyasallar\u0131 toptan talepleriniz i\u00e7in tedarik sa\u011fl\u0131yoruz. <\/p>\r\n                                <div class=\"our-services-button\">\r\n                                    <a href=\"https:\/\/www.scfotomotiv.com\/?service=sanayi-kimyasallari\"><i class=\"far fa-long-arrow-right\"><\/i> Daha Fazlas\u0131 <\/a>\r\n                                <\/div>\r\n                            <\/div>\r\n                        <\/div>\r\n                    <\/div>\r\n                \t                <\/div>\r\n            <\/div>\r\n        <\/div>\r\n\t\t\t<\/div>\n\t\t\t\t<\/div>\n\t\t\t\t\t<\/div>\n\t\t<\/div>\n\t\t\t\t\t<\/div>\n\t\t<\/section>\n\t\t\t\t<\/div>\n\t\t","protected":false},"excerpt":{"rendered":"<p>\u00dcr\u00fcnlerimiz Home Services Neler Yap\u0131yoruz Toptan \u00dcr\u00fcnlerin Tedarik Hizmetleri Otomobil Par\u00e7alar\u0131 Otomobil Par\u00e7alar\u0131 toptan talepleriniz i\u00e7in tedarik sa\u011fl\u0131yoruz. Daha Fazlas\u0131 Otomobil Ya\u011flar\u0131 Otomobil ya\u011flar\u0131 toptan talepleriniz i\u00e7in tedarik sa\u011fl\u0131yoruz. Daha Fazlas\u0131 Sanayi Kimyasallar\u0131 Sanayi Kimyasallar\u0131 toptan talepleriniz i\u00e7in tedarik sa\u011fl\u0131yoruz. Daha Fazlas\u0131<\/p>\n","protected":false},"author":1,"featured_media":0,"parent":0,"menu_order":0,"comment_status":"closed","ping_status":"closed","template":"page-templates\/home-2.php","meta":{"_monsterinsights_skip_tracking":false,"_monsterinsights_sitenote_active":false,"_monsterinsights_sitenote_note":"","_monsterinsights_sitenote_category":0,"footnotes":""},"class_list":["post-508","page","type-page","status-publish","hentry"],"aioseo_notices":[],"_links":{"self":[{"href":"https:\/\/www.scfotomotiv.com\/index.php?rest_route=\/wp\/v2\/pages\/508","targetHints":{"allow":["GET"]}}],"collection":[{"href":"https:\/\/www.scfotomotiv.com\/index.php?rest_route=\/wp\/v2\/pages"}],"about":[{"href":"https:\/\/www.scfotomotiv.com\/index.php?rest_route=\/wp\/v2\/types\/page"}],"author":[{"embeddable":true,"href":"https:\/\/www.scfotomotiv.com\/index.php?rest_route=\/wp\/v2\/users\/1"}],"replies":[{"embeddable":true,"href":"https:\/\/www.scfotomotiv.com\/index.php?rest_route=%2Fwp%2Fv2%2Fcomments&post=508"}],"version-history":[{"count":37,"href":"https:\/\/www.scfotomotiv.com\/index.php?rest_route=\/wp\/v2\/pages\/508\/revisions"}],"predecessor-version":[{"id":1332,"href":"https:\/\/www.scfotomotiv.com\/index.php?rest_route=\/wp\/v2\/pages\/508\/revisions\/1332"}],"wp:attachment":[{"href":"https:\/\/www.scfotomotiv.com\/index.php?rest_route=%2Fwp%2Fv2%2Fmedia&parent=508"}],"curies":[{"name":"wp","href":"https:\/\/api.w.org\/{rel}","templated":true}]}}